{"id":2785,"date":"2026-03-30T15:49:08","date_gmt":"2026-03-30T13:49:08","guid":{"rendered":"https:\/\/forstcontrol.com\/?page_id=2785"},"modified":"2026-04-06T13:24:42","modified_gmt":"2026-04-06T11:24:42","slug":"polterverwaltung","status":"publish","type":"page","link":"https:\/\/forstcontrol.com\/it\/polterverwaltung\/","title":{"rendered":"Gestione della propriet\u00e0"},"content":{"rendered":"<div data-elementor-type=\"wp-page\" data-elementor-id=\"2785\" class=\"elementor elementor-2785\" data-elementor-post-type=\"page\">\n\t\t\t\t<div class=\"elementor-element elementor-element-adf57fe e-grid e-con-boxed e-con e-parent\" data-id=\"adf57fe\" data-element_type=\"container\" data-e-type=\"container\" data-settings=\"{&quot;background_background&quot;:&quot;gradient&quot;}\">\n\t\t\t\t\t<div class=\"e-con-inner\">\n\t\t<div class=\"elementor-element elementor-element-8d014ff e-con-full e-flex e-con e-child\" data-id=\"8d014ff\" data-element_type=\"container\" data-e-type=\"container\">\n\t\t\t\t<div class=\"elementor-element elementor-element-97d72b4 elementor-widget__width-initial elementor-widget elementor-widget-heading\" data-id=\"97d72b4\" data-element_type=\"widget\" data-e-type=\"widget\" data-widget_type=\"heading.default\">\n\t\t\t\t<div class=\"elementor-widget-container\">\n\t\t\t\t\t<h1 class=\"elementor-heading-title elementor-size-default\">PolterMap<\/h1>\t\t\t\t<\/div>\n\t\t\t\t<\/div>\n\t\t<div class=\"elementor-element elementor-element-b8851c5 e-grid e-con-full e-con e-child\" data-id=\"b8851c5\" data-element_type=\"container\" data-e-type=\"container\">\n\t\t\t\t<div class=\"elementor-element elementor-element-ec3936b elementor-widescreen-align-left elementor-mobile-align-center elementor-widget elementor-widget-button\" data-id=\"ec3936b\" data-element_type=\"widget\" data-e-type=\"widget\" data-widget_type=\"button.default\">\n\t\t\t\t<div class=\"elementor-widget-container\">\n\t\t\t\t\t\t\t\t\t<div class=\"elementor-button-wrapper\">\n\t\t\t\t\t<a class=\"elementor-button elementor-button-link elementor-size-sm\" href=\"#\">\n\t\t\t\t\t\t<span class=\"elementor-button-content-wrapper\">\n\t\t\t\t\t\t\t\t\t<span class=\"elementor-button-text\">Foresta<\/span>\n\t\t\t\t\t<\/span>\n\t\t\t\t\t<\/a>\n\t\t\t\t<\/div>\n\t\t\t\t\t\t\t\t<\/div>\n\t\t\t\t<\/div>\n\t\t\t\t<div class=\"elementor-element elementor-element-b1a67fd elementor-widescreen-align-left elementor-mobile-align-center elementor-widget elementor-widget-button\" data-id=\"b1a67fd\" data-element_type=\"widget\" data-e-type=\"widget\" data-widget_type=\"button.default\">\n\t\t\t\t<div class=\"elementor-widget-container\">\n\t\t\t\t\t\t\t\t\t<div class=\"elementor-button-wrapper\">\n\t\t\t\t\t<a class=\"elementor-button elementor-button-link elementor-size-sm\" href=\"#\">\n\t\t\t\t\t\t<span class=\"elementor-button-content-wrapper\">\n\t\t\t\t\t\t\t\t\t<span class=\"elementor-button-text\">Imprenditore<\/span>\n\t\t\t\t\t<\/span>\n\t\t\t\t\t<\/a>\n\t\t\t\t<\/div>\n\t\t\t\t\t\t\t\t<\/div>\n\t\t\t\t<\/div>\n\t\t\t\t<div class=\"elementor-element elementor-element-5974475 elementor-widescreen-align-left elementor-mobile-align-center elementor-widget elementor-widget-button\" data-id=\"5974475\" data-element_type=\"widget\" data-e-type=\"widget\" data-widget_type=\"button.default\">\n\t\t\t\t<div class=\"elementor-widget-container\">\n\t\t\t\t\t\t\t\t\t<div class=\"elementor-button-wrapper\">\n\t\t\t\t\t<a class=\"elementor-button elementor-button-link elementor-size-sm\" href=\"#\">\n\t\t\t\t\t\t<span class=\"elementor-button-content-wrapper\">\n\t\t\t\t\t\t\t\t\t<span class=\"elementor-button-text\">Transportatore<\/span>\n\t\t\t\t\t<\/span>\n\t\t\t\t\t<\/a>\n\t\t\t\t<\/div>\n\t\t\t\t\t\t\t\t<\/div>\n\t\t\t\t<\/div>\n\t\t\t\t<div class=\"elementor-element elementor-element-08d6edc elementor-widescreen-align-left elementor-mobile-align-center elementor-widget elementor-widget-button\" data-id=\"08d6edc\" data-element_type=\"widget\" data-e-type=\"widget\" data-widget_type=\"button.default\">\n\t\t\t\t<div class=\"elementor-widget-container\">\n\t\t\t\t\t\t\t\t\t<div class=\"elementor-button-wrapper\">\n\t\t\t\t\t<a class=\"elementor-button elementor-button-link elementor-size-sm\" href=\"#\">\n\t\t\t\t\t\t<span class=\"elementor-button-content-wrapper\">\n\t\t\t\t\t\t\t\t\t<span class=\"elementor-button-text\">Compratore<\/span>\n\t\t\t\t\t<\/span>\n\t\t\t\t\t<\/a>\n\t\t\t\t<\/div>\n\t\t\t\t\t\t\t\t<\/div>\n\t\t\t\t<\/div>\n\t\t\t\t<\/div>\n\t\t\t\t<div class=\"elementor-element elementor-element-4964c48 elementor-widget__width-initial elementor-widget elementor-widget-text-editor\" data-id=\"4964c48\" data-element_type=\"widget\" data-e-type=\"widget\" data-widget_type=\"text-editor.default\">\n\t\t\t\t<div class=\"elementor-widget-container\">\n\t\t\t\t\t\t\t\t\t<p>Con PolterMap hai trovato il modo pi\u00f9 efficiente per gestire i tuoi Polter, altrimenti non avresti bisogno di nessun altro software.<\/p>\t\t\t\t\t\t\t\t<\/div>\n\t\t\t\t<\/div>\n\t\t\t\t<div class=\"elementor-element elementor-element-8e76700 elementor-widget elementor-widget-button\" data-id=\"8e76700\" data-element_type=\"widget\" data-e-type=\"widget\" data-widget_type=\"button.default\">\n\t\t\t\t<div class=\"elementor-widget-container\">\n\t\t\t\t\t\t\t\t\t<div class=\"elementor-button-wrapper\">\n\t\t\t\t\t<a class=\"elementor-button elementor-button-link elementor-size-sm\" href=\"https:\/\/meetings-eu1.hubspot.com\/support-siabit-ag\/neue-funktionen-jetzt-beratung\" target=\"_blank\" rel=\"noopener\">\n\t\t\t\t\t\t<span class=\"elementor-button-content-wrapper\">\n\t\t\t\t\t\t\t\t\t<span class=\"elementor-button-text\">Consulenza gratuita<\/span>\n\t\t\t\t\t<\/span>\n\t\t\t\t\t<\/a>\n\t\t\t\t<\/div>\n\t\t\t\t\t\t\t\t<\/div>\n\t\t\t\t<\/div>\n\t\t\t\t<\/div>\n\t\t<div class=\"elementor-element elementor-element-6c958b8 e-con-full e-flex e-con e-child\" data-id=\"6c958b8\" data-element_type=\"container\" data-e-type=\"container\" data-settings=\"{&quot;background_background&quot;:&quot;video&quot;,&quot;background_play_on_mobile&quot;:&quot;yes&quot;}\">\n\t\t\t\t<div class=\"elementor-element elementor-element-8a915f3 elementor-widget-widescreen__width-initial elementor-widget elementor-widget-image\" data-id=\"8a915f3\" data-element_type=\"widget\" data-e-type=\"widget\" data-widget_type=\"image.default\">\n\t\t\t\t<div class=\"elementor-widget-container\">\n\t\t\t\t\t\t\t\t\t\t\t\t\t\t\t<img fetchpriority=\"high\" decoding=\"async\" width=\"800\" height=\"534\" src=\"https:\/\/forstcontrol.com\/wp-content\/uploads\/2026\/03\/ForstControl_PolterMap-1024x683.webp\" class=\"attachment-large size-large wp-image-2794\" alt=\"\" srcset=\"https:\/\/forstcontrol.com\/wp-content\/uploads\/2026\/03\/ForstControl_PolterMap-1024x683.webp 1024w, https:\/\/forstcontrol.com\/wp-content\/uploads\/2026\/03\/ForstControl_PolterMap-300x200.webp 300w, https:\/\/forstcontrol.com\/wp-content\/uploads\/2026\/03\/ForstControl_PolterMap-768x512.webp 768w, https:\/\/forstcontrol.com\/wp-content\/uploads\/2026\/03\/ForstControl_PolterMap-18x12.webp 18w, https:\/\/forstcontrol.com\/wp-content\/uploads\/2026\/03\/ForstControl_PolterMap.webp 1500w\" sizes=\"(max-width: 800px) 100vw, 800px\" \/>\t\t\t\t\t\t\t\t\t\t\t\t\t\t\t<\/div>\n\t\t\t\t<\/div>\n\t\t\t\t<\/div>\n\t\t\t\t\t<\/div>\n\t\t\t\t<\/div>\n\t\t<div class=\"elementor-element elementor-element-bb6ac8f e-flex e-con-boxed e-con e-parent\" data-id=\"bb6ac8f\" data-element_type=\"container\" data-e-type=\"container\">\n\t\t\t\t\t<div class=\"e-con-inner\">\n\t\t<div class=\"elementor-element elementor-element-f9021ac e-con-full e-flex e-con e-child\" data-id=\"f9021ac\" data-element_type=\"container\" data-e-type=\"container\">\n\t\t<div class=\"elementor-element elementor-element-77130f1 e-con-full e-flex e-con e-child\" data-id=\"77130f1\" data-element_type=\"container\" data-e-type=\"container\">\n\t\t\t\t<div class=\"elementor-element elementor-element-af37b33 elementor-widget elementor-widget-image\" data-id=\"af37b33\" data-element_type=\"widget\" data-e-type=\"widget\" data-widget_type=\"image.default\">\n\t\t\t\t<div class=\"elementor-widget-container\">\n\t\t\t\t\t\t\t\t\t\t\t\t\t\t\t<img decoding=\"async\" width=\"800\" height=\"534\" src=\"https:\/\/forstcontrol.com\/wp-content\/uploads\/2026\/03\/ForstControl-PolterMap-1024x683.webp\" class=\"attachment-large size-large wp-image-2792\" alt=\"\" srcset=\"https:\/\/forstcontrol.com\/wp-content\/uploads\/2026\/03\/ForstControl-PolterMap-1024x683.webp 1024w, https:\/\/forstcontrol.com\/wp-content\/uploads\/2026\/03\/ForstControl-PolterMap-300x200.webp 300w, https:\/\/forstcontrol.com\/wp-content\/uploads\/2026\/03\/ForstControl-PolterMap-768x512.webp 768w, https:\/\/forstcontrol.com\/wp-content\/uploads\/2026\/03\/ForstControl-PolterMap-18x12.webp 18w, https:\/\/forstcontrol.com\/wp-content\/uploads\/2026\/03\/ForstControl-PolterMap.webp 1500w\" sizes=\"(max-width: 800px) 100vw, 800px\" \/>\t\t\t\t\t\t\t\t\t\t\t\t\t\t\t<\/div>\n\t\t\t\t<\/div>\n\t\t\t\t<\/div>\n\t\t<div class=\"elementor-element elementor-element-03b6811 e-con-full e-flex e-con e-child\" data-id=\"03b6811\" data-element_type=\"container\" data-e-type=\"container\">\n\t\t\t\t<div class=\"elementor-element elementor-element-bb272ee elementor-widget elementor-widget-heading\" data-id=\"bb272ee\" data-element_type=\"widget\" data-e-type=\"widget\" data-widget_type=\"heading.default\">\n\t\t\t\t<div class=\"elementor-widget-container\">\n\t\t\t\t\t<h2 class=\"elementor-heading-title elementor-size-default\">Perch\u00e9 PolterMap?<\/h2>\t\t\t\t<\/div>\n\t\t\t\t<\/div>\n\t\t\t\t<div class=\"elementor-element elementor-element-8ed0e58 elementor-widget elementor-widget-text-editor\" data-id=\"8ed0e58\" data-element_type=\"widget\" data-e-type=\"widget\" data-widget_type=\"text-editor.default\">\n\t\t\t\t<div class=\"elementor-widget-container\">\n\t\t\t\t\t\t\t\t\t<ul><li data-section-id=\"1luw9x2\" data-start=\"878\" data-end=\"936\"><strong>Elevata quota di mercato di ForstControl<\/strong><\/li><li data-section-id=\"1luw9x2\" data-start=\"878\" data-end=\"936\"><strong data-start=\"880\" data-end=\"911\">Alle Polter a colpo d'occhio<\/strong> \u2013 direttamente sulla mappa<\/li><li data-section-id=\"15h5zxk\" data-start=\"937\" data-end=\"1011\"><strong data-start=\"939\" data-end=\"971\">Facilit\u00e0 d'uso sul campo<\/strong> \u2013 anche per operatori di macchine e autisti<\/li><li data-section-id=\"1297yt6\" data-start=\"1012\" data-end=\"1053\"><strong data-start=\"1014\" data-end=\"1051\">Entrate e uscite in pochi secondi<\/strong><\/li><li data-section-id=\"1drca5h\" data-start=\"1054\" data-end=\"1108\"><strong data-start=\"1056\" data-end=\"1106\">Chiara assegnazione di trasportatori e acquirenti<\/strong><\/li><li data-section-id=\"1gv8zli\" data-start=\"1109\" data-end=\"1148\"><strong data-start=\"1111\" data-end=\"1146\">Storia completa, comprese foto<\/strong><\/li><li data-section-id=\"1vogpbe\" data-start=\"1149\" data-end=\"1190\"><strong data-start=\"1151\" data-end=\"1190\">Una piattaforma per tutti i soggetti coinvolti<\/strong><\/li><\/ul>\t\t\t\t\t\t\t\t<\/div>\n\t\t\t\t<\/div>\n\t\t\t\t<div class=\"elementor-element elementor-element-f9c9e44 elementor-widget elementor-widget-button\" data-id=\"f9c9e44\" data-element_type=\"widget\" data-e-type=\"widget\" data-widget_type=\"button.default\">\n\t\t\t\t<div class=\"elementor-widget-container\">\n\t\t\t\t\t\t\t\t\t<div class=\"elementor-button-wrapper\">\n\t\t\t\t\t<a class=\"elementor-button elementor-button-link elementor-size-sm\" href=\"https:\/\/meetings-eu1.hubspot.com\/support-siabit-ag\/neue-funktionen-jetzt-beratung\" target=\"_blank\" rel=\"noopener\">\n\t\t\t\t\t\t<span class=\"elementor-button-content-wrapper\">\n\t\t\t\t\t\t\t\t\t<span class=\"elementor-button-text\">Consulenza gratuita<\/span>\n\t\t\t\t\t<\/span>\n\t\t\t\t\t<\/a>\n\t\t\t\t<\/div>\n\t\t\t\t\t\t\t\t<\/div>\n\t\t\t\t<\/div>\n\t\t\t\t<div class=\"elementor-element elementor-element-9a446b2 elementor-fixed elementor-widget elementor-widget-image\" data-id=\"9a446b2\" data-element_type=\"widget\" data-e-type=\"widget\" data-settings=\"{&quot;_position&quot;:&quot;fixed&quot;}\" data-widget_type=\"image.default\">\n\t\t\t\t<div class=\"elementor-widget-container\">\n\t\t\t\t\t\t\t\t\t\t\t\t\t\t\t<img decoding=\"async\" width=\"800\" height=\"792\" src=\"https:\/\/forstcontrol.com\/wp-content\/uploads\/2026\/04\/PolterMap.webp\" class=\"attachment-large size-large wp-image-2941\" alt=\"\" srcset=\"https:\/\/forstcontrol.com\/wp-content\/uploads\/2026\/04\/PolterMap.webp 1010w, https:\/\/forstcontrol.com\/wp-content\/uploads\/2026\/04\/PolterMap-300x297.webp 300w, https:\/\/forstcontrol.com\/wp-content\/uploads\/2026\/04\/PolterMap-150x150.webp 150w, https:\/\/forstcontrol.com\/wp-content\/uploads\/2026\/04\/PolterMap-768x760.webp 768w, https:\/\/forstcontrol.com\/wp-content\/uploads\/2026\/04\/PolterMap-12x12.webp 12w\" sizes=\"(max-width: 800px) 100vw, 800px\" \/>\t\t\t\t\t\t\t\t\t\t\t\t\t\t\t<\/div>\n\t\t\t\t<\/div>\n\t\t\t\t<\/div>\n\t\t\t\t<\/div>\n\t\t\t\t\t<\/div>\n\t\t\t\t<\/div>\n\t\t<div class=\"elementor-element elementor-element-734ce5d e-flex e-con-boxed e-con e-parent\" data-id=\"734ce5d\" data-element_type=\"container\" data-e-type=\"container\">\n\t\t\t\t\t<div class=\"e-con-inner\">\n\t\t\t\t<div class=\"elementor-element elementor-element-afb7f19 elementor-widget elementor-widget-heading\" data-id=\"afb7f19\" data-element_type=\"widget\" data-e-type=\"widget\" data-widget_type=\"heading.default\">\n\t\t\t\t<div class=\"elementor-widget-container\">\n\t\t\t\t\t<h2 class=\"elementor-heading-title elementor-size-default\">Logistica del legno, pi\u00f9 facile che mai<\/h2>\t\t\t\t<\/div>\n\t\t\t\t<\/div>\n\t\t\t\t<div class=\"elementor-element elementor-element-84b48ec elementor-widget elementor-widget-text-editor\" data-id=\"84b48ec\" data-element_type=\"widget\" data-e-type=\"widget\" data-widget_type=\"text-editor.default\">\n\t\t\t\t<div class=\"elementor-widget-container\">\n\t\t\t\t\t\t\t\t\t<p>Con PolterMap gestisci i tuoi cataste di legname in modo centralizzato, chiaro e in tempo reale, direttamente sulla mappa in ForstControl.<\/p>\t\t\t\t\t\t\t\t<\/div>\n\t\t\t\t<\/div>\n\t\t\t\t\t<\/div>\n\t\t\t\t<\/div>\n\t\t<div class=\"elementor-element elementor-element-f4b43d4 e-flex e-con-boxed e-con e-parent\" data-id=\"f4b43d4\" data-element_type=\"container\" data-e-type=\"container\">\n\t\t\t\t\t<div class=\"e-con-inner\">\n\t\t<div class=\"elementor-element elementor-element-01ec1f9 e-con-full e-flex e-con e-child\" data-id=\"01ec1f9\" data-element_type=\"container\" data-e-type=\"container\">\n\t\t\t\t<div class=\"elementor-element elementor-element-7669a23 elementor-widget__width-initial elementor-widget-mobile__width-initial elementor-widget elementor-widget-video\" data-id=\"7669a23\" data-element_type=\"widget\" data-e-type=\"widget\" data-settings=\"{&quot;youtube_url&quot;:&quot;https:\\\/\\\/youtu.be\\\/9PGQsrzubqU&quot;,&quot;video_type&quot;:&quot;youtube&quot;,&quot;controls&quot;:&quot;yes&quot;}\" data-widget_type=\"video.default\">\n\t\t\t\t<div class=\"elementor-widget-container\">\n\t\t\t\t\t\t\t<div class=\"elementor-wrapper elementor-open-inline\">\n\t\t\t<div class=\"elementor-video\"><\/div>\t\t<\/div>\n\t\t\t\t\t\t<\/div>\n\t\t\t\t<\/div>\n\t\t\t\t<\/div>\n\t\t\t\t\t<\/div>\n\t\t\t\t<\/div>\n\t\t<div class=\"elementor-element elementor-element-60ecdf9 e-flex e-con-boxed e-con e-parent\" data-id=\"60ecdf9\" data-element_type=\"container\" data-e-type=\"container\">\n\t\t\t\t\t<div class=\"e-con-inner\">\n\t\t<div class=\"elementor-element elementor-element-757debc e-con-full e-flex e-con e-child\" data-id=\"757debc\" data-element_type=\"container\" data-e-type=\"container\">\n\t\t\t\t<div class=\"elementor-element elementor-element-60ca5b5 elementor-widget elementor-widget-image\" data-id=\"60ca5b5\" data-element_type=\"widget\" data-e-type=\"widget\" data-widget_type=\"image.default\">\n\t\t\t\t<div class=\"elementor-widget-container\">\n\t\t\t\t\t\t\t\t\t\t\t\t\t\t\t<img loading=\"lazy\" decoding=\"async\" width=\"768\" height=\"432\" src=\"https:\/\/forstcontrol.com\/wp-content\/uploads\/2026\/03\/Poltermap.gif\" class=\"attachment-large size-large wp-image-2850\" alt=\"\" \/>\t\t\t\t\t\t\t\t\t\t\t\t\t\t\t<\/div>\n\t\t\t\t<\/div>\n\t\t\t\t<\/div>\n\t\t<div class=\"elementor-element elementor-element-58edeb5 e-con-full e-flex e-con e-child\" data-id=\"58edeb5\" data-element_type=\"container\" data-e-type=\"container\">\n\t\t\t\t<div class=\"elementor-element elementor-element-ed1565b elementor-widget elementor-widget-text-editor\" data-id=\"ed1565b\" data-element_type=\"widget\" data-e-type=\"widget\" data-widget_type=\"text-editor.default\">\n\t\t\t\t<div class=\"elementor-widget-container\">\n\t\t\t\t\t\t\t\t\t<p data-start=\"289\" data-end=\"553\">Che si tratti di guardaboschi, trasportatori o acquirenti: tutti lavorano sulla stessa piattaforma e vedono esattamente ci\u00f2 che \u00e8 rilevante per loro. Basta con il caos di Excel, telefono o WhatsApp. Invece, una visione chiara e digitale di tutti i tondelli, delle posizioni e dei movimenti.<\/p><p data-start=\"555\" data-end=\"747\">Un clic su un carrello \u00e8 sufficiente: puoi registrare o cancellare quantit\u00e0, controllare lo stato attuale o ripercorrere l'intera cronologia. Tutto direttamente sul campo, in mobilit\u00e0 e senza complicazioni.<\/p><p data-start=\"749\" data-end=\"845\">Il risultato:<br data-start=\"762\" data-end=\"765\" \/>Meno coordinamento, meno errori, decisamente pi\u00f9 efficienza nella logistica del legname.<\/p>\t\t\t\t\t\t\t\t<\/div>\n\t\t\t\t<\/div>\n\t\t\t\t<div class=\"elementor-element elementor-element-efd8c4a elementor-widget elementor-widget-button\" data-id=\"efd8c4a\" data-element_type=\"widget\" data-e-type=\"widget\" data-widget_type=\"button.default\">\n\t\t\t\t<div class=\"elementor-widget-container\">\n\t\t\t\t\t\t\t\t\t<div class=\"elementor-button-wrapper\">\n\t\t\t\t\t<a class=\"elementor-button elementor-button-link elementor-size-sm\" href=\"https:\/\/meetings-eu1.hubspot.com\/support-siabit-ag\/neue-funktionen-jetzt-beratung\" target=\"_blank\" rel=\"noopener\">\n\t\t\t\t\t\t<span class=\"elementor-button-content-wrapper\">\n\t\t\t\t\t\t\t\t\t<span class=\"elementor-button-text\">Consulenza gratuita<\/span>\n\t\t\t\t\t<\/span>\n\t\t\t\t\t<\/a>\n\t\t\t\t<\/div>\n\t\t\t\t\t\t\t\t<\/div>\n\t\t\t\t<\/div>\n\t\t\t\t<\/div>\n\t\t\t\t\t<\/div>\n\t\t\t\t<\/div>\n\t\t<div class=\"elementor-element elementor-element-4940771 e-flex e-con-boxed e-con e-parent\" data-id=\"4940771\" data-element_type=\"container\" data-e-type=\"container\">\n\t\t\t\t\t<div class=\"e-con-inner\">\n\t\t\t\t<div class=\"elementor-element elementor-element-affd46c elementor-widget elementor-widget-heading\" data-id=\"affd46c\" data-element_type=\"widget\" data-e-type=\"widget\" data-widget_type=\"heading.default\">\n\t\t\t\t<div class=\"elementor-widget-container\">\n\t\t\t\t\t<h2 class=\"elementor-heading-title elementor-size-default\">Tutorial<\/h2>\t\t\t\t<\/div>\n\t\t\t\t<\/div>\n\t\t\t\t<div class=\"elementor-element elementor-element-4734e70 elementor-widget-widescreen__width-initial elementor-widget elementor-widget-video\" data-id=\"4734e70\" data-element_type=\"widget\" data-e-type=\"widget\" data-settings=\"{&quot;youtube_url&quot;:&quot;https:\\\/\\\/youtu.be\\\/gyavU-s9GGc&quot;,&quot;video_type&quot;:&quot;youtube&quot;,&quot;controls&quot;:&quot;yes&quot;}\" data-widget_type=\"video.default\">\n\t\t\t\t<div class=\"elementor-widget-container\">\n\t\t\t\t\t\t\t<div class=\"elementor-wrapper elementor-open-inline\">\n\t\t\t<div class=\"elementor-video\"><\/div>\t\t<\/div>\n\t\t\t\t\t\t<\/div>\n\t\t\t\t<\/div>\n\t\t\t\t\t<\/div>\n\t\t\t\t<\/div>\n\t\t\t\t<\/div>","protected":false},"excerpt":{"rendered":"<p>PolterMap F\u00f6rster Unternehmer Transporteur K\u00e4ufer So einfach verwaltest du deine Polter mit keiner anderen Software. Mit PolterMap hast du die effizienteste Art der Erfassung gefunden. Kostenlose Beratung Warum PolterMap? Hoher Marktanteil von ForstControl Alle Polter auf einen Blick \u2013 direkt auf der Karte Einfachste Bedienung im Feld \u2013 auch f\u00fcr Maschinenf\u00fchrer und Fahrer Ein- und [&hellip;]<\/p>\n","protected":false},"author":1,"featured_media":2792,"parent":0,"menu_order":0,"comment_status":"closed","ping_status":"closed","template":"elementor_header_footer","meta":{"iawp_total_views":411,"footnotes":""},"class_list":["post-2785","page","type-page","status-publish","has-post-thumbnail","hentry"],"_links":{"self":[{"href":"https:\/\/forstcontrol.com\/it\/wp-json\/wp\/v2\/pages\/2785","targetHints":{"allow":["GET"]}}],"collection":[{"href":"https:\/\/forstcontrol.com\/it\/wp-json\/wp\/v2\/pages"}],"about":[{"href":"https:\/\/forstcontrol.com\/it\/wp-json\/wp\/v2\/types\/page"}],"author":[{"embeddable":true,"href":"https:\/\/forstcontrol.com\/it\/wp-json\/wp\/v2\/users\/1"}],"replies":[{"embeddable":true,"href":"https:\/\/forstcontrol.com\/it\/wp-json\/wp\/v2\/comments?post=2785"}],"version-history":[{"count":10,"href":"https:\/\/forstcontrol.com\/it\/wp-json\/wp\/v2\/pages\/2785\/revisions"}],"predecessor-version":[{"id":2951,"href":"https:\/\/forstcontrol.com\/it\/wp-json\/wp\/v2\/pages\/2785\/revisions\/2951"}],"wp:featuredmedia":[{"embeddable":true,"href":"https:\/\/forstcontrol.com\/it\/wp-json\/wp\/v2\/media\/2792"}],"wp:attachment":[{"href":"https:\/\/forstcontrol.com\/it\/wp-json\/wp\/v2\/media?parent=2785"}],"curies":[{"name":"wp","href":"https:\/\/api.w.org\/{rel}","templated":true}]}}